{"id":1570,"date":"2026-03-13T17:30:16","date_gmt":"2026-03-13T09:30:16","guid":{"rendered":"https:\/\/www.wizorlaser.com\/?page_id=1570"},"modified":"2026-03-13T17:32:41","modified_gmt":"2026-03-13T09:32:41","slug":"terms-and-conditions","status":"publish","type":"page","link":"https:\/\/www.wizorlaser.com\/tr\/terms-and-conditions\/","title":{"rendered":"\u015eartlar ve ko\u015fullar"},"content":{"rendered":"<div data-elementor-type=\"wp-post\" data-elementor-id=\"1570\" class=\"elementor elementor-1570\" data-elementor-post-type=\"page\">\n\t\t\t\t<div class=\"elementor-element elementor-element-cf8327f e-flex e-con-boxed e-con e-parent\" data-id=\"cf8327f\" data-element_type=\"container\">\n\t\t\t\t\t<div class=\"e-con-inner\">\n\t\t\t\t<div class=\"elementor-element elementor-element-8dc31d8 elementor-widget elementor-widget-text-editor\" data-id=\"8dc31d8\" data-element_type=\"widget\" data-widget_type=\"text-editor.default\">\n\t\t\t\t\t\t\t\t\t<h1 class=\"brxe-post-title\">\u015eartlar ve ko\u015fullar<\/h1>\n<div class=\"brxe-post-content\">\n<p>WIZOR LASER'a ho\u015f geldiniz!<\/p>\n<p>Bu h\u00fck\u00fcm ve ko\u015fullar, WIZOR LASER CO., LTD. adresinde bulunan Web Sitesinin kullan\u0131m\u0131na ili\u015fkin kural ve d\u00fczenlemeleri ana hatlar\u0131yla belirtir. <a href=\"https:\/\/longxinlaser.com\/\">https:\/\/www.wizorxinlaser.com\/.<\/a><\/p>\n<p>Bu web sitesine eri\u015ferek bu h\u00fck\u00fcm ve ko\u015fullar\u0131 kabul etti\u011finizi varsay\u0131yoruz. Bu sayfada belirtilen t\u00fcm h\u00fck\u00fcm ve ko\u015fullar\u0131 kabul etmiyorsan\u0131z WIZOR LASER'i kullanmaya devam etmeyin.<\/p>\n<p>A\u015fa\u011f\u0131daki terminoloji bu H\u00fck\u00fcm ve Ko\u015fullar, Gizlilik Bildirimi ve Feragat Bildirimi ve t\u00fcm S\u00f6zle\u015fmeler i\u00e7in ge\u00e7erlidir: \u201cM\u00fc\u015fteri\u201d, \u201cSiz\u201d ve \u201cSizin\u201d, bu web sitesinde oturum a\u00e7an ve \u015eirketin h\u00fck\u00fcm ve ko\u015fullar\u0131na uyan ki\u015fi olan sizi ifade eder. \u201c\u015eirket\u201d, \u201cKendimiz\u201d, \u201cBiz\u201d, \u201cBizim\u201d ve \u201cBize\u201d, \u015eirketimizi ifade eder. \u201cTaraf\u201d, \u201cTaraflar\u201d veya \u201cBiz\u201d, hem M\u00fc\u015fteriyi hem de kendimizi ifade eder. T\u00fcm terimler, \u015eirketin belirtilen hizmetlerinin sa\u011flanmas\u0131yla ilgili olarak M\u00fc\u015fterinin ihtiya\u00e7lar\u0131n\u0131 kar\u015f\u0131lamak amac\u0131yla M\u00fc\u015fteriye en uygun \u015fekilde yard\u0131m s\u00fcrecimizi \u00fcstlenmek i\u00e7in gerekli \u00f6demenin teklifini, kabul\u00fcn\u00fc ve dikkate al\u0131nmas\u0131n\u0131 ifade eder, cn'nin ge\u00e7erli yasalar\u0131na uygun olarak ve tabi olarak. Yukar\u0131daki terminolojinin veya di\u011fer kelimelerin tekil, \u00e7o\u011ful, b\u00fcy\u00fck harfle ve\/veya o veya onlar \u015feklinde kullan\u0131m\u0131 birbirinin yerine kullan\u0131labilir ve dolay\u0131s\u0131yla ayn\u0131 anlama gelecek \u015fekilde kabul edilir.<\/p>\n<h2 class=\"wp-block-heading\"><strong>\u00c7erezler<\/strong><\/h2>\n<p>\u00c7erez kullan\u0131m\u0131n\u0131 kullan\u0131yoruz. WIZOR LASER'a eri\u015ferek, \u00e7erezleri WIZOR LASER CO., LTD. Gizlilik Politikas\u0131 ile uyumlu olarak kullanmay\u0131 kabul etmi\u015f olursunuz.<\/p>\n<p>\u00c7o\u011fu interaktif web sitesi, her ziyaret i\u00e7in kullan\u0131c\u0131n\u0131n bilgilerini almam\u0131z\u0131 sa\u011flayan \u00e7erezler kullan\u0131r. \u00c7erezler, web sitemizi ziyaret eden ki\u015filerin i\u015fini kolayla\u015ft\u0131rmak amac\u0131yla belirli alanlar\u0131n i\u015flevselli\u011fini sa\u011flamak i\u00e7in web sitemiz taraf\u0131ndan kullan\u0131l\u0131r. Baz\u0131 ba\u011fl\u0131 kurulu\u015flar\u0131m\u0131z\/reklam ortaklar\u0131m\u0131z da \u00e7erez kullanabilir.<\/p>\n<h2 class=\"wp-block-heading\"><strong>Lisans<\/strong><\/h2>\n<p>Aksi belirtilmedik\u00e7e, WIZOR LASER CO. ve\/veya lisans\u00f6rleri, WIZOR LASER'daki t\u00fcm materyallerin fikri m\u00fclkiyet haklar\u0131na sahiptir. T\u00fcm fikri m\u00fclkiyet haklar\u0131 sakl\u0131d\u0131r. Bu h\u00fck\u00fcm ve ko\u015fullarda belirtilen k\u0131s\u0131tlamalara tabi olarak kendi ki\u015fisel kullan\u0131m\u0131n\u0131z i\u00e7in WIZOR LASER'dan buna eri\u015febilirsiniz.<\/p>\n<p>Yapmamal\u0131s\u0131n:<\/p>\n<ul>\n<li>WIZOR LASER materyallerini yeniden yay\u0131nlay\u0131n<\/li>\n<li>WIZOR LASER'dan materyal satmak, kiralamak veya alt lisans vermek<\/li>\n<li>WIZOR LASER'dan materyal \u00e7o\u011faltmak, kopyalamak veya kopyalamak<\/li>\n<li>WIZOR LASER i\u00e7eri\u011fini yeniden da\u011f\u0131tma<\/li>\n<\/ul>\n<p>Bu web sitesinin baz\u0131 b\u00f6l\u00fcmleri, kullan\u0131c\u0131lara web sitesinin belirli alanlar\u0131nda g\u00f6r\u00fc\u015f ve bilgi g\u00f6nderme ve payla\u015fma f\u0131rsat\u0131 sunmaktad\u0131r. WIZOR LASER CO., LTD. web sitesinde yer almadan \u00f6nce Yorumlar\u0131 filtrelemez, d\u00fczenlemez, yay\u0131nlamaz veya g\u00f6zden ge\u00e7irmez. Yorumlar, WIZOR LASER CO., LTD. \u015firketinin, temsilcilerinin ve\/veya i\u015ftiraklerinin g\u00f6r\u00fc\u015f ve d\u00fc\u015f\u00fcncelerini yans\u0131tmaz. Yorumlar, g\u00f6r\u00fc\u015f ve d\u00fc\u015f\u00fcncelerini yay\u0131nlayan ki\u015finin g\u00f6r\u00fc\u015f ve d\u00fc\u015f\u00fcncelerini yans\u0131t\u0131r. Y\u00fcr\u00fcrl\u00fckteki yasalar\u0131n izin verdi\u011fi \u00f6l\u00e7\u00fcde, WIZOR LASER CO., LTD. Yorumlardan veya Yorumlar\u0131n herhangi bir \u015fekilde kullan\u0131lmas\u0131 ve\/veya yay\u0131nlanmas\u0131 ve\/veya bu web sitesinde yer almas\u0131 sonucunda ortaya \u00e7\u0131kan ve\/veya maruz kal\u0131nan herhangi bir y\u00fck\u00fcml\u00fcl\u00fck, zarar veya masraftan sorumlu olmayacakt\u0131r.<\/p>\n<p>WIZOR LASER CO., LTD. t\u00fcm Yorumlar\u0131 izleme ve uygunsuz, sald\u0131rgan veya bu H\u00fck\u00fcm ve Ko\u015fullar\u0131n ihlaline neden oldu\u011fu d\u00fc\u015f\u00fcn\u00fclebilecek Yorumlar\u0131 kald\u0131rma hakk\u0131n\u0131 sakl\u0131 tutar.<\/p>\n<p>\u015eunlar\u0131 garanti ve beyan edersiniz:<\/p>\n<ul>\n<li>Yorumlar\u0131 web sitemizde yay\u0131nlama hakk\u0131na sahipsiniz ve bunu yapmak i\u00e7in gerekli t\u00fcm lisans ve izinlere sahipsiniz;<\/li>\n<li>Yorumlar, herhangi bir \u00fc\u00e7\u00fcnc\u00fc taraf\u0131n telif hakk\u0131, patenti veya ticari markas\u0131 dahil ancak bunlarla s\u0131n\u0131rl\u0131 olmamak \u00fczere hi\u00e7bir fikri m\u00fclkiyet hakk\u0131n\u0131 ihlal etmemektedir;<\/li>\n<li>Yorumlar\u0131n hakaret, iftira, sald\u0131r\u0131, uygunsuz veya mahremiyetin ihlali niteli\u011findeki herhangi bir yasad\u0131\u015f\u0131 materyal i\u00e7ermemesi<\/li>\n<li>Yorumlar, i\u015f veya gelenek talep etmek veya te\u015fvik etmek veya ticari faaliyetler veya yasa d\u0131\u015f\u0131 faaliyetler sunmak i\u00e7in kullan\u0131lmayacakt\u0131r.<\/li>\n<\/ul>\n<p>WIZOR LASER CO., LTD. \u015firketine Yorumlar\u0131n\u0131z\u0131 herhangi bir bi\u00e7imde, formatta veya medyada kullanmak, \u00e7o\u011faltmak, d\u00fczenlemek ve ba\u015fkalar\u0131na kullanma, \u00e7o\u011faltma ve d\u00fczenleme yetkisi vermek i\u00e7in m\u00fcnhas\u0131r olmayan bir lisans verirsiniz.<\/p>\n<h2 class=\"wp-block-heading\"><strong>\u0130\u00e7eri\u011fimize K\u00f6pr\u00fc Olu\u015fturma<\/strong><\/h2>\n<p>A\u015fa\u011f\u0131daki kurulu\u015flar \u00f6nceden yaz\u0131l\u0131 onay almaks\u0131z\u0131n Web Sitemize ba\u011flant\u0131 verebilirler:<\/p>\n<ul>\n<li>Devlet kurumlar\u0131;<\/li>\n<li>Arama motorlar\u0131;<\/li>\n<li>Haber kurulu\u015flar\u0131;<\/li>\n<li>\u00c7evrimi\u00e7i dizin da\u011f\u0131t\u0131c\u0131lar\u0131, listelenen di\u011fer i\u015fletmelerin Web Sitelerine k\u00f6pr\u00fc olu\u015fturduklar\u0131 \u015fekilde Web Sitemize ba\u011flant\u0131 verebilirler; ve<\/li>\n<li>Kar amac\u0131 g\u00fctmeyen kurulu\u015flar, hay\u0131r ama\u00e7l\u0131 al\u0131\u015fveri\u015f merkezleri ve Web sitemize k\u00f6pr\u00fc kuramayan hay\u0131r ama\u00e7l\u0131 ba\u011f\u0131\u015f toplama gruplar\u0131 hari\u00e7 olmak \u00fczere Sistem genelinde Akredite \u0130\u015fletmeler.<\/li>\n<\/ul>\n<p>Bu kurulu\u015flar, ana sayfam\u0131za, yay\u0131nlara veya di\u011fer Web sitesi bilgilerine, ba\u011flant\u0131 verildi\u011fi s\u00fcrece ba\u011flant\u0131 verebilirler: (a) herhangi bir \u015fekilde aldat\u0131c\u0131 olmad\u0131\u011f\u0131; (b) ba\u011flant\u0131 veren taraf\u0131n ve \u00fcr\u00fcnlerinin ve\/veya hizmetlerinin sponsorlu\u011funu, onay\u0131n\u0131 veya onay\u0131n\u0131 yanl\u0131\u015f bir \u015fekilde ima etmedi\u011fi; ve (c) ba\u011flant\u0131 veren taraf\u0131n sitesinin ba\u011flam\u0131na uydu\u011fu s\u00fcrece.<\/p>\n<p>A\u015fa\u011f\u0131daki kurulu\u015f t\u00fcrlerinden gelen di\u011fer ba\u011flant\u0131 taleplerini de\u011ferlendirebilir ve onaylayabiliriz:<\/p>\n<ul>\n<li>yayg\u0131n olarak bilinen t\u00fcketici ve\/veya i\u015fletme bilgi kaynaklar\u0131;<\/li>\n<li>dot.com topluluk siteleri;<\/li>\n<li>dernekler veya hay\u0131r kurumlar\u0131n\u0131 temsil eden di\u011fer gruplar;<\/li>\n<li>\u00e7evrimi\u00e7i dizin da\u011f\u0131t\u0131c\u0131lar\u0131;<\/li>\n<li>internet portallar\u0131;<\/li>\n<li>muhasebe, hukuk ve dan\u0131\u015fmanl\u0131k firmalar\u0131; ve<\/li>\n<li>e\u011fitim kurumlar\u0131 ve ticaret birlikleri.<\/li>\n<\/ul>\n<p>Bu kurulu\u015flardan gelen ba\u011flant\u0131 taleplerini a\u015fa\u011f\u0131daki hususlara karar vermemiz halinde onaylar\u0131z: (a) ba\u011flant\u0131n\u0131n kendimizi veya akredite i\u015fletmelerimizi olumsuz g\u00f6stermeyece\u011fine; (b) kurulu\u015fun bizimle herhangi bir olumsuz kayd\u0131 bulunmad\u0131\u011f\u0131na; (c) k\u00f6pr\u00fcn\u00fcn g\u00f6r\u00fcn\u00fcrl\u00fc\u011f\u00fcn\u00fcn bize sa\u011flayaca\u011f\u0131 faydan\u0131n WIZOR LASER CO., LTD'nin yoklu\u011funu telafi etti\u011fine; ve (d) ba\u011flant\u0131n\u0131n genel kaynak bilgileri ba\u011flam\u0131nda oldu\u011funa karar verirsek.<\/p>\n<p>Bu kurulu\u015flar, ba\u011flant\u0131 verildi\u011fi s\u00fcrece ana sayfam\u0131za ba\u011flant\u0131 verebilirler: (a) herhangi bir \u015fekilde aldat\u0131c\u0131 olmad\u0131\u011f\u0131; (b) ba\u011flant\u0131 veren taraf\u0131n ve onun \u00fcr\u00fcn veya hizmetlerinin sponsorlu\u011funu, onay\u0131n\u0131 veya onay\u0131n\u0131 yanl\u0131\u015f bir \u015fekilde ima etmedi\u011fi; ve (c) ba\u011flant\u0131 veren taraf\u0131n sitesinin ba\u011flam\u0131na uydu\u011fu s\u00fcrece.<\/p>\n<p>Yukar\u0131daki 2. paragrafta listelenen kurulu\u015flardan biriyseniz ve web sitemize ba\u011flant\u0131 vermekle ilgileniyorsan\u0131z, WIZOR LASER CO., LTD. adresine bir e-posta g\u00f6ndererek bizi bilgilendirmelisiniz. L\u00fctfen ad\u0131n\u0131z\u0131, kurulu\u015funuzun ad\u0131n\u0131, ileti\u015fim bilgilerinizi ve sitenizin URL'sini, Web Sitemize ba\u011flant\u0131 vermeyi d\u00fc\u015f\u00fcnd\u00fc\u011f\u00fcn\u00fcz URL'lerin bir listesini ve sitemizde ba\u011flant\u0131 vermek istedi\u011finiz URL'lerin bir listesini ekleyin. Yan\u0131t i\u00e7in 2-3 hafta bekleyin.<\/p>\n<p>Onaylanm\u0131\u015f kurulu\u015flar Web Sitemize a\u015fa\u011f\u0131daki \u015fekilde k\u00f6pr\u00fc ba\u011flant\u0131 verebilir:<\/p>\n<ul>\n<li>Kurumsal ad\u0131m\u0131z\u0131 kullanarak; veya<\/li>\n<li>Ba\u011flant\u0131 verilen tek tip kaynak konumland\u0131r\u0131c\u0131s\u0131n\u0131n kullan\u0131m\u0131yla; veya<\/li>\n<li>Ba\u011flant\u0131 verilen taraf\u0131n sitesindeki i\u00e7eri\u011fin ba\u011flam\u0131 ve bi\u00e7imi i\u00e7inde anlaml\u0131 olan, ba\u011flant\u0131 verilen Web Sitemizin ba\u015fka herhangi bir tan\u0131m\u0131n\u0131 kullanarak.<\/li>\n<\/ul>\n<p>Ticari marka lisans anla\u015fmas\u0131 olmadan WIZOR LASER CO., LTD. logosunun veya di\u011fer sanat eserlerinin ba\u011flant\u0131 i\u00e7in kullan\u0131lmas\u0131na izin verilmeyecektir.<\/p>\n<h2 class=\"wp-block-heading\"><strong>iFrames<\/strong><\/h2>\n<p>\u00d6nceden onay ve yaz\u0131l\u0131 izin olmadan, Web Sayfalar\u0131m\u0131z\u0131n etraf\u0131nda Web Sitemizin g\u00f6rsel sunumunu veya g\u00f6r\u00fcn\u00fcm\u00fcn\u00fc herhangi bir \u015fekilde de\u011fi\u015ftiren \u00e7er\u00e7eveler olu\u015fturamazs\u0131n\u0131z.<\/p>\n<h2 class=\"wp-block-heading\"><strong>\u0130\u00e7erik Sorumlulu\u011fu<\/strong><\/h2>\n<p>Web sitenizde g\u00f6r\u00fcnen herhangi bir i\u00e7erikten sorumlu tutulmayaca\u011f\u0131z. Web sitenizde y\u00fckselen t\u00fcm iddialara kar\u015f\u0131 bizi korumay\u0131 ve savunmay\u0131 kabul edersiniz. Herhangi bir Web sitesinde hakaret, m\u00fcstehcenlik veya su\u00e7 olarak yorumlanabilecek veya herhangi bir \u00fc\u00e7\u00fcnc\u00fc taraf\u0131n haklar\u0131n\u0131 ihlal eden, ba\u015fka \u015fekilde ihlal eden veya ihlal edilmesini veya ba\u015fka \u015fekilde ihlal edilmesini savunan hi\u00e7bir ba\u011flant\u0131 (ba\u011flant\u0131lar) g\u00f6r\u00fcnmemelidir.<\/p>\n<h2 class=\"wp-block-heading\"><strong>Haklar\u0131n Sakl\u0131 Tutulmas\u0131<\/strong><\/h2>\n<p>Web Sitemizdeki t\u00fcm ba\u011flant\u0131lar\u0131 veya belirli bir ba\u011flant\u0131y\u0131 kald\u0131rman\u0131z\u0131 talep etme hakk\u0131m\u0131z\u0131 sakl\u0131 tutar\u0131z. Talep \u00fczerine Web Sitemize olan t\u00fcm ba\u011flant\u0131lar\u0131 derhal kald\u0131rmay\u0131 kabul edersiniz. Ayr\u0131ca, bu h\u00fck\u00fcm ve ko\u015fullar\u0131 ve ba\u011flant\u0131 politikas\u0131n\u0131 herhangi bir zamanda de\u011fi\u015ftirme hakk\u0131m\u0131z\u0131 sakl\u0131 tutar\u0131z. Web Sitemize s\u00fcrekli olarak ba\u011flant\u0131 vererek, bu ba\u011flant\u0131 h\u00fck\u00fcm ve ko\u015fullar\u0131na ba\u011fl\u0131 kalmay\u0131 ve bunlara uymay\u0131 kabul etmi\u015f olursunuz.<\/p>\n<h2 class=\"wp-block-heading\"><strong>Web sitemizden ba\u011flant\u0131lar\u0131n kald\u0131r\u0131lmas\u0131<\/strong><\/h2>\n<p>Web sitemizde herhangi bir nedenle rahats\u0131z edici bir ba\u011flant\u0131 bulursan\u0131z, bizimle her an ileti\u015fime ge\u00e7ebilir ve bilgi verebilirsiniz. Ba\u011flant\u0131lar\u0131 kald\u0131rma taleplerini de\u011ferlendirece\u011fiz, ancak bunu yapmak veya size do\u011frudan yan\u0131t vermek zorunda de\u011filiz.<\/p>\n<p>Bu web sitesindeki bilgilerin do\u011fru oldu\u011funu garanti etmiyoruz, eksiksizli\u011fini veya do\u011frulu\u011funu garanti etmiyoruz; web sitesinin kullan\u0131labilir kalmas\u0131n\u0131 veya web sitesindeki materyalin g\u00fcncel tutulmas\u0131n\u0131 sa\u011flamay\u0131 da taahh\u00fct etmiyoruz.<\/p>\n<h2 class=\"wp-block-heading\"><strong>Sorumluluk Reddi<\/strong><\/h2>\n<p>Y\u00fcr\u00fcrl\u00fckteki yasalar\u0131n izin verdi\u011fi azami \u00f6l\u00e7\u00fcde, web sitemiz ve bu web sitesinin kullan\u0131m\u0131 ile ilgili t\u00fcm beyanlar\u0131, garantileri ve ko\u015fullar\u0131 hari\u00e7 tutuyoruz. Bu feragatnamedeki hi\u00e7bir \u015fey:<\/p>\n<ul>\n<li>\u00f6l\u00fcm veya ki\u015fisel yaralanma i\u00e7in bizim veya sizin sorumlulu\u011funuzu s\u0131n\u0131rlamak veya hari\u00e7 tutmak;<\/li>\n<li>Doland\u0131r\u0131c\u0131l\u0131k veya hileli yanl\u0131\u015f beyandan dolay\u0131 bizim veya sizin sorumlulu\u011funuzu s\u0131n\u0131rland\u0131rmak veya hari\u00e7 tutmak;<\/li>\n<li>bizim veya sizin y\u00fck\u00fcml\u00fcl\u00fcklerinizden herhangi birini y\u00fcr\u00fcrl\u00fckteki yasalar kapsam\u0131nda izin verilmeyen herhangi bir \u015fekilde s\u0131n\u0131rlamak; veya<\/li>\n<li>y\u00fcr\u00fcrl\u00fckteki yasalar kapsam\u0131nda hari\u00e7 tutulamayacak olan bizim veya sizin y\u00fck\u00fcml\u00fcl\u00fcklerinizi hari\u00e7 tutmak.<\/li>\n<\/ul>\n<p>Bu B\u00f6l\u00fcmde ve bu feragatnamenin ba\u015fka yerlerinde belirtilen sorumluluk s\u0131n\u0131rlamalar\u0131 ve yasaklar\u0131: (a) bir \u00f6nceki paragrafa tabidir; ve (b) s\u00f6zle\u015fmeden, haks\u0131z fiilden ve yasal g\u00f6revin ihlalinden do\u011fan y\u00fck\u00fcml\u00fcl\u00fckler de dahil olmak \u00fczere feragatname kapsam\u0131nda ortaya \u00e7\u0131kan t\u00fcm y\u00fck\u00fcml\u00fcl\u00fckleri y\u00f6netir.<\/p>\n<p>Web sitesi ve web sitesindeki bilgi ve hizmetler \u00fccretsiz olarak sa\u011fland\u0131\u011f\u0131 s\u00fcrece, herhangi bir kay\u0131p veya zarardan sorumlu olmayaca\u011f\u0131z.<\/p>\n<\/div>\t\t\t\t\t\t\t\t<\/div>\n\t\t\t\t\t<\/div>\n\t\t\t\t<\/div>\n\t\t\t\t<\/div>","protected":false},"excerpt":{"rendered":"<p>Terms and conditions Welcome to WIZOR LASER! These terms and conditions outline the rules and regulations for the use of WIZOR LASER CO., LTD.\u2019s Website, located at https:\/\/www.wizorxinlaser.com\/. By accessing this website we assume you accept these terms and conditions. Do not continue to use WIZOR LASER if you do not agree to take all [&hellip;]<\/p>","protected":false},"author":1,"featured_media":0,"parent":0,"menu_order":0,"comment_status":"closed","ping_status":"closed","template":"elementor_header_footer","meta":{"footnotes":""},"class_list":["post-1570","page","type-page","status-publish","hentry"],"yoast_head":"<!-- This site is optimized with the Yoast SEO plugin v26.6 - https:\/\/yoast.com\/wordpress\/plugins\/seo\/ -->\n<title>Terms and conditions - Wizor Laser<\/title>\n<meta name=\"robots\" content=\"index, follow, max-snippet:-1, max-image-preview:large, max-video-preview:-1\" \/>\n<link rel=\"canonical\" href=\"https:\/\/www.wizorlaser.com\/tr\/terms-and-conditions\/\" \/>\n<meta property=\"og:locale\" content=\"tr_TR\" \/>\n<meta property=\"og:type\" content=\"article\" \/>\n<meta property=\"og:title\" content=\"Terms and conditions - Wizor Laser\" \/>\n<meta property=\"og:description\" content=\"Terms and conditions Welcome to WIZOR LASER! These terms and conditions outline the rules and regulations for the use of WIZOR LASER CO., LTD.\u2019s Website, located at https:\/\/www.wizorxinlaser.com\/. By accessing this website we assume you accept these terms and conditions. Do not continue to use WIZOR LASER if you do not agree to take all [&hellip;]\" \/>\n<meta property=\"og:url\" content=\"https:\/\/www.wizorlaser.com\/tr\/terms-and-conditions\/\" \/>\n<meta property=\"og:site_name\" content=\"Wizor Laser\" \/>\n<meta property=\"article:modified_time\" content=\"2026-03-13T09:32:41+00:00\" \/>\n<meta name=\"twitter:card\" content=\"summary_large_image\" \/>\n<meta name=\"twitter:label1\" content=\"Tahmini okuma s\u00fcresi\" \/>\n\t<meta name=\"twitter:data1\" content=\"7 dakika\" \/>\n<script type=\"application\/ld+json\" class=\"yoast-schema-graph\">{\"@context\":\"https:\/\/schema.org\",\"@graph\":[{\"@type\":\"WebPage\",\"@id\":\"https:\/\/www.wizorlaser.com\/terms-and-conditions\/\",\"url\":\"https:\/\/www.wizorlaser.com\/terms-and-conditions\/\",\"name\":\"Terms and conditions - Wizor Laser\",\"isPartOf\":{\"@id\":\"https:\/\/www.wizorlaser.com\/#website\"},\"datePublished\":\"2026-03-13T09:30:16+00:00\",\"dateModified\":\"2026-03-13T09:32:41+00:00\",\"breadcrumb\":{\"@id\":\"https:\/\/www.wizorlaser.com\/terms-and-conditions\/#breadcrumb\"},\"inLanguage\":\"tr\",\"potentialAction\":[{\"@type\":\"ReadAction\",\"target\":[\"https:\/\/www.wizorlaser.com\/terms-and-conditions\/\"]}]},{\"@type\":\"BreadcrumbList\",\"@id\":\"https:\/\/www.wizorlaser.com\/terms-and-conditions\/#breadcrumb\",\"itemListElement\":[{\"@type\":\"ListItem\",\"position\":1,\"name\":\"Home\",\"item\":\"https:\/\/www.wizorlaser.com\/\"},{\"@type\":\"ListItem\",\"position\":2,\"name\":\"Terms and conditions\"}]},{\"@type\":\"WebSite\",\"@id\":\"https:\/\/www.wizorlaser.com\/#website\",\"url\":\"https:\/\/www.wizorlaser.com\/\",\"name\":\"Wizor Laser\",\"description\":\"\",\"publisher\":{\"@id\":\"https:\/\/www.wizorlaser.com\/#organization\"},\"potentialAction\":[{\"@type\":\"SearchAction\",\"target\":{\"@type\":\"EntryPoint\",\"urlTemplate\":\"https:\/\/www.wizorlaser.com\/?s={search_term_string}\"},\"query-input\":{\"@type\":\"PropertyValueSpecification\",\"valueRequired\":true,\"valueName\":\"search_term_string\"}}],\"inLanguage\":\"tr\"},{\"@type\":\"Organization\",\"@id\":\"https:\/\/www.wizorlaser.com\/#organization\",\"name\":\"Wizor Laser\",\"url\":\"https:\/\/www.wizorlaser.com\/\",\"logo\":{\"@type\":\"ImageObject\",\"inLanguage\":\"tr\",\"@id\":\"https:\/\/www.wizorlaser.com\/#\/schema\/logo\/image\/\",\"url\":\"https:\/\/www.wizorlaser.com\/wp-content\/uploads\/2025\/12\/\u56fe\u72475-e1768554572765.png\",\"contentUrl\":\"https:\/\/www.wizorlaser.com\/wp-content\/uploads\/2025\/12\/\u56fe\u72475-e1768554572765.png\",\"width\":380,\"height\":124,\"caption\":\"Wizor Laser\"},\"image\":{\"@id\":\"https:\/\/www.wizorlaser.com\/#\/schema\/logo\/image\/\"}}]}<\/script>\n<!-- \/ Yoast SEO plugin. -->","yoast_head_json":{"title":"Terms and conditions - Wizor Laser","robots":{"index":"index","follow":"follow","max-snippet":"max-snippet:-1","max-image-preview":"max-image-preview:large","max-video-preview":"max-video-preview:-1"},"canonical":"https:\/\/www.wizorlaser.com\/tr\/terms-and-conditions\/","og_locale":"tr_TR","og_type":"article","og_title":"Terms and conditions - Wizor Laser","og_description":"Terms and conditions Welcome to WIZOR LASER! These terms and conditions outline the rules and regulations for the use of WIZOR LASER CO., LTD.\u2019s Website, located at https:\/\/www.wizorxinlaser.com\/. By accessing this website we assume you accept these terms and conditions. Do not continue to use WIZOR LASER if you do not agree to take all [&hellip;]","og_url":"https:\/\/www.wizorlaser.com\/tr\/terms-and-conditions\/","og_site_name":"Wizor Laser","article_modified_time":"2026-03-13T09:32:41+00:00","twitter_card":"summary_large_image","twitter_misc":{"Tahmini okuma s\u00fcresi":"7 dakika"},"schema":{"@context":"https:\/\/schema.org","@graph":[{"@type":"WebPage","@id":"https:\/\/www.wizorlaser.com\/terms-and-conditions\/","url":"https:\/\/www.wizorlaser.com\/terms-and-conditions\/","name":"Terms and conditions - Wizor Laser","isPartOf":{"@id":"https:\/\/www.wizorlaser.com\/#website"},"datePublished":"2026-03-13T09:30:16+00:00","dateModified":"2026-03-13T09:32:41+00:00","breadcrumb":{"@id":"https:\/\/www.wizorlaser.com\/terms-and-conditions\/#breadcrumb"},"inLanguage":"tr","potentialAction":[{"@type":"ReadAction","target":["https:\/\/www.wizorlaser.com\/terms-and-conditions\/"]}]},{"@type":"BreadcrumbList","@id":"https:\/\/www.wizorlaser.com\/terms-and-conditions\/#breadcrumb","itemListElement":[{"@type":"ListItem","position":1,"name":"Home","item":"https:\/\/www.wizorlaser.com\/"},{"@type":"ListItem","position":2,"name":"Terms and conditions"}]},{"@type":"WebSite","@id":"https:\/\/www.wizorlaser.com\/#website","url":"https:\/\/www.wizorlaser.com\/","name":"Wizor Lazer","description":"","publisher":{"@id":"https:\/\/www.wizorlaser.com\/#organization"},"potentialAction":[{"@type":"SearchAction","target":{"@type":"EntryPoint","urlTemplate":"https:\/\/www.wizorlaser.com\/?s={search_term_string}"},"query-input":{"@type":"PropertyValueSpecification","valueRequired":true,"valueName":"search_term_string"}}],"inLanguage":"tr"},{"@type":"Organization","@id":"https:\/\/www.wizorlaser.com\/#organization","name":"Wizor Lazer","url":"https:\/\/www.wizorlaser.com\/","logo":{"@type":"ImageObject","inLanguage":"tr","@id":"https:\/\/www.wizorlaser.com\/#\/schema\/logo\/image\/","url":"https:\/\/www.wizorlaser.com\/wp-content\/uploads\/2025\/12\/\u56fe\u72475-e1768554572765.png","contentUrl":"https:\/\/www.wizorlaser.com\/wp-content\/uploads\/2025\/12\/\u56fe\u72475-e1768554572765.png","width":380,"height":124,"caption":"Wizor Laser"},"image":{"@id":"https:\/\/www.wizorlaser.com\/#\/schema\/logo\/image\/"}}]}},"_links":{"self":[{"href":"https:\/\/www.wizorlaser.com\/tr\/wp-json\/wp\/v2\/pages\/1570","targetHints":{"allow":["GET"]}}],"collection":[{"href":"https:\/\/www.wizorlaser.com\/tr\/wp-json\/wp\/v2\/pages"}],"about":[{"href":"https:\/\/www.wizorlaser.com\/tr\/wp-json\/wp\/v2\/types\/page"}],"author":[{"embeddable":true,"href":"https:\/\/www.wizorlaser.com\/tr\/wp-json\/wp\/v2\/users\/1"}],"replies":[{"embeddable":true,"href":"https:\/\/www.wizorlaser.com\/tr\/wp-json\/wp\/v2\/comments?post=1570"}],"version-history":[{"count":7,"href":"https:\/\/www.wizorlaser.com\/tr\/wp-json\/wp\/v2\/pages\/1570\/revisions"}],"predecessor-version":[{"id":1579,"href":"https:\/\/www.wizorlaser.com\/tr\/wp-json\/wp\/v2\/pages\/1570\/revisions\/1579"}],"wp:attachment":[{"href":"https:\/\/www.wizorlaser.com\/tr\/wp-json\/wp\/v2\/media?parent=1570"}],"curies":[{"name":"wp","href":"https:\/\/api.w.org\/{rel}","templated":true}]}}