{"id":481,"date":"2025-12-25T16:21:14","date_gmt":"2025-12-25T08:21:14","guid":{"rendered":"https:\/\/www.wizorlaser.com\/?page_id=481"},"modified":"2025-12-26T11:55:21","modified_gmt":"2025-12-26T03:55:21","slug":"blogs","status":"publish","type":"page","link":"https:\/\/www.wizorlaser.com\/tr\/blogs\/","title":{"rendered":"Bloglar"},"content":{"rendered":"<div data-elementor-type=\"wp-post\" data-elementor-id=\"481\" class=\"elementor elementor-481\" data-elementor-post-type=\"page\">\n\t\t\t\t<div class=\"elementor-element elementor-element-3b42bb5 e-grid e-con-boxed e-con e-parent\" data-id=\"3b42bb5\" data-element_type=\"container\">\n\t\t\t\t\t<div class=\"e-con-inner\">\n\t\t\t\t<div class=\"elementor-element elementor-element-41859d0 elementor-grid-1 elementor-posts--align-center elementor-widget__width-initial e-transform elementor-grid-tablet-2 elementor-grid-mobile-1 elementor-posts--thumbnail-top elementor-posts__hover-gradient elementor-widget elementor-widget-posts\" data-id=\"41859d0\" data-element_type=\"widget\" data-settings=\"{&quot;cards_columns&quot;:&quot;1&quot;,&quot;cards_row_gap&quot;:{&quot;unit&quot;:&quot;px&quot;,&quot;size&quot;:&quot;&quot;,&quot;sizes&quot;:[]},&quot;_transform_scale_effect_hover&quot;:{&quot;unit&quot;:&quot;px&quot;,&quot;size&quot;:1.03,&quot;sizes&quot;:[]},&quot;cards_columns_tablet&quot;:&quot;2&quot;,&quot;cards_columns_mobile&quot;:&quot;1&quot;,&quot;cards_row_gap_tablet&quot;:{&quot;unit&quot;:&quot;px&quot;,&quot;size&quot;:&quot;&quot;,&quot;sizes&quot;:[]},&quot;cards_row_gap_mobile&quot;:{&quot;unit&quot;:&quot;px&quot;,&quot;size&quot;:&quot;&quot;,&quot;sizes&quot;:[]},&quot;_transform_scale_effect_hover_tablet&quot;:{&quot;unit&quot;:&quot;px&quot;,&quot;size&quot;:&quot;&quot;,&quot;sizes&quot;:[]},&quot;_transform_scale_effect_hover_mobile&quot;:{&quot;unit&quot;:&quot;px&quot;,&quot;size&quot;:&quot;&quot;,&quot;sizes&quot;:[]}}\" data-widget_type=\"posts.cards\">\n\t\t\t\t<div class=\"elementor-widget-container\">\n\t\t\t\t\t\t\t<div class=\"elementor-posts-container elementor-posts elementor-posts--skin-cards elementor-grid\" role=\"list\">\n\t\t\t\t<article class=\"elementor-post elementor-grid-item post-466 post type-post status-publish format-standard has-post-thumbnail hentry category-blogs\" role=\"listitem\">\n\t\t\t<div class=\"elementor-post__card\">\n\t\t\t\t<a class=\"elementor-post__thumbnail__link\" href=\"https:\/\/www.wizorlaser.com\/tr\/laser-tube-cutting-chuck-problems-causes-diagnostics-professional-fixes\/\" tabindex=\"-1\" ><div class=\"elementor-post__thumbnail\"><img fetchpriority=\"high\" decoding=\"async\" width=\"300\" height=\"225\" src=\"data:image\/gif;base64,R0lGODlhAQABAIAAAAAAAP\/\/\/yH5BAEAAAAALAAAAAABAAEAAAIBRAA7\" data-src=\"https:\/\/www.wizorlaser.com\/wp-content\/uploads\/2025\/12\/Laser-Tube-Cutting-Chuck-Problems-\u2014-Causes-Diagnostics-Professional-Fixes-300x225.webp\" class=\"attachment-medium size-medium wp-image-468 lazyload\" alt=\"\" data-srcset=\"https:\/\/www.wizorlaser.com\/wp-content\/uploads\/2025\/12\/Laser-Tube-Cutting-Chuck-Problems-\u2014-Causes-Diagnostics-Professional-Fixes-300x225.webp 300w, https:\/\/www.wizorlaser.com\/wp-content\/uploads\/2025\/12\/Laser-Tube-Cutting-Chuck-Problems-\u2014-Causes-Diagnostics-Professional-Fixes-1024x768.webp 1024w, https:\/\/www.wizorlaser.com\/wp-content\/uploads\/2025\/12\/Laser-Tube-Cutting-Chuck-Problems-\u2014-Causes-Diagnostics-Professional-Fixes-768x576.webp 768w, https:\/\/www.wizorlaser.com\/wp-content\/uploads\/2025\/12\/Laser-Tube-Cutting-Chuck-Problems-\u2014-Causes-Diagnostics-Professional-Fixes-600x450.webp 600w, https:\/\/www.wizorlaser.com\/wp-content\/uploads\/2025\/12\/Laser-Tube-Cutting-Chuck-Problems-\u2014-Causes-Diagnostics-Professional-Fixes.webp 1200w\" sizes=\"(max-width: 300px) 100vw, 300px\" \/><noscript><img decoding=\"async\" width=\"300\" height=\"225\" src=\"https:\/\/www.wizorlaser.com\/wp-content\/uploads\/2025\/12\/Laser-Tube-Cutting-Chuck-Problems-\u2014-Causes-Diagnostics-Professional-Fixes-300x225.webp\" class=\"attachment-medium size-medium wp-image-468 lazyload\" alt=\"\" srcset=\"https:\/\/www.wizorlaser.com\/wp-content\/uploads\/2025\/12\/Laser-Tube-Cutting-Chuck-Problems-\u2014-Causes-Diagnostics-Professional-Fixes-300x225.webp 300w, https:\/\/www.wizorlaser.com\/wp-content\/uploads\/2025\/12\/Laser-Tube-Cutting-Chuck-Problems-\u2014-Causes-Diagnostics-Professional-Fixes-1024x768.webp 1024w, https:\/\/www.wizorlaser.com\/wp-content\/uploads\/2025\/12\/Laser-Tube-Cutting-Chuck-Problems-\u2014-Causes-Diagnostics-Professional-Fixes-768x576.webp 768w, https:\/\/www.wizorlaser.com\/wp-content\/uploads\/2025\/12\/Laser-Tube-Cutting-Chuck-Problems-\u2014-Causes-Diagnostics-Professional-Fixes-600x450.webp 600w, https:\/\/www.wizorlaser.com\/wp-content\/uploads\/2025\/12\/Laser-Tube-Cutting-Chuck-Problems-\u2014-Causes-Diagnostics-Professional-Fixes.webp 1200w\" sizes=\"(max-width: 300px) 100vw, 300px\" \/><\/noscript><\/div><\/a>\n\t\t\t\t<div class=\"elementor-post__badge\">Bloglar<\/div>\n\t\t\t\t<div class=\"elementor-post__text\">\n\t\t\t\t<div class=\"elementor-post__title\">\n\t\t\t<a href=\"https:\/\/www.wizorlaser.com\/tr\/laser-tube-cutting-chuck-problems-causes-diagnostics-professional-fixes\/\" >\n\t\t\t\tLazer Boru Kesme Aynas\u0131 Sorunlar\u0131 - Nedenleri, Te\u015fhis ve Profesyonel \u00c7\u00f6z\u00fcmler\t\t\t<\/a>\n\t\t<\/div>\n\t\t\t\t<\/div>\n\t\t\t\t<div class=\"elementor-post__meta-data\">\n\t\t\t\t\t<span class=\"elementor-post-date\">\n\t\t\t25\/09\/2024\t\t<\/span>\n\t\t\t\t<\/div>\n\t\t\t\t\t<\/div>\n\t\t<\/article>\n\t\t\t\t<\/div>\n\t\t\n\t\t\t\t\t\t<\/div>\n\t\t\t\t<\/div>\n\t\t\t\t<div class=\"elementor-element elementor-element-3668d0c elementor-grid-1 elementor-posts--align-center elementor-widget__width-initial e-transform elementor-grid-tablet-2 elementor-grid-mobile-1 elementor-posts--thumbnail-top elementor-posts__hover-gradient elementor-widget elementor-widget-posts\" data-id=\"3668d0c\" data-element_type=\"widget\" data-settings=\"{&quot;cards_columns&quot;:&quot;1&quot;,&quot;cards_row_gap&quot;:{&quot;unit&quot;:&quot;px&quot;,&quot;size&quot;:0,&quot;sizes&quot;:[]},&quot;_transform_scale_effect_hover&quot;:{&quot;unit&quot;:&quot;px&quot;,&quot;size&quot;:1.03,&quot;sizes&quot;:[]},&quot;cards_columns_tablet&quot;:&quot;2&quot;,&quot;cards_columns_mobile&quot;:&quot;1&quot;,&quot;cards_row_gap_tablet&quot;:{&quot;unit&quot;:&quot;px&quot;,&quot;size&quot;:&quot;&quot;,&quot;sizes&quot;:[]},&quot;cards_row_gap_mobile&quot;:{&quot;unit&quot;:&quot;px&quot;,&quot;size&quot;:&quot;&quot;,&quot;sizes&quot;:[]},&quot;_transform_scale_effect_hover_tablet&quot;:{&quot;unit&quot;:&quot;px&quot;,&quot;size&quot;:&quot;&quot;,&quot;sizes&quot;:[]},&quot;_transform_scale_effect_hover_mobile&quot;:{&quot;unit&quot;:&quot;px&quot;,&quot;size&quot;:&quot;&quot;,&quot;sizes&quot;:[]}}\" data-widget_type=\"posts.cards\">\n\t\t\t\t<div class=\"elementor-widget-container\">\n\t\t\t\t\t\t\t<div class=\"elementor-posts-container elementor-posts elementor-posts--skin-cards elementor-grid\" role=\"list\">\n\t\t\t\t<article class=\"elementor-post elementor-grid-item post-453 post type-post status-publish format-standard has-post-thumbnail hentry category-blogs tag-safety-in-laser-welding-what-operators-must-pay-attention-to\" role=\"listitem\">\n\t\t\t<div class=\"elementor-post__card\">\n\t\t\t\t<a class=\"elementor-post__thumbnail__link\" href=\"https:\/\/www.wizorlaser.com\/tr\/safety-in-laser-welding-what-operators-must-pay-attention-to\/\" tabindex=\"-1\" ><div class=\"elementor-post__thumbnail\"><img decoding=\"async\" width=\"300\" height=\"200\" src=\"data:image\/gif;base64,R0lGODlhAQABAIAAAAAAAP\/\/\/yH5BAEAAAAALAAAAAABAAEAAAIBRAA7\" data-src=\"https:\/\/www.wizorlaser.com\/wp-content\/uploads\/2025\/12\/1-300x200.png\" class=\"attachment-medium size-medium wp-image-56 lazyload\" alt=\"\" data-srcset=\"https:\/\/www.wizorlaser.com\/wp-content\/uploads\/2025\/12\/1-300x200.png 300w, https:\/\/www.wizorlaser.com\/wp-content\/uploads\/2025\/12\/1-600x400.png 600w, https:\/\/www.wizorlaser.com\/wp-content\/uploads\/2025\/12\/1-1024x682.png 1024w, https:\/\/www.wizorlaser.com\/wp-content\/uploads\/2025\/12\/1-768x512.png 768w, https:\/\/www.wizorlaser.com\/wp-content\/uploads\/2025\/12\/1-1536x1024.png 1536w, https:\/\/www.wizorlaser.com\/wp-content\/uploads\/2025\/12\/1.png 1700w\" sizes=\"(max-width: 300px) 100vw, 300px\" \/><noscript><img loading=\"lazy\" decoding=\"async\" width=\"300\" height=\"200\" src=\"https:\/\/www.wizorlaser.com\/wp-content\/uploads\/2025\/12\/1-300x200.png\" class=\"attachment-medium size-medium wp-image-56 lazyload\" alt=\"\" srcset=\"https:\/\/www.wizorlaser.com\/wp-content\/uploads\/2025\/12\/1-300x200.png 300w, https:\/\/www.wizorlaser.com\/wp-content\/uploads\/2025\/12\/1-600x400.png 600w, https:\/\/www.wizorlaser.com\/wp-content\/uploads\/2025\/12\/1-1024x682.png 1024w, https:\/\/www.wizorlaser.com\/wp-content\/uploads\/2025\/12\/1-768x512.png 768w, https:\/\/www.wizorlaser.com\/wp-content\/uploads\/2025\/12\/1-1536x1024.png 1536w, https:\/\/www.wizorlaser.com\/wp-content\/uploads\/2025\/12\/1.png 1700w\" sizes=\"(max-width: 300px) 100vw, 300px\" \/><\/noscript><\/div><\/a>\n\t\t\t\t<div class=\"elementor-post__badge\">Bloglar<\/div>\n\t\t\t\t<div class=\"elementor-post__text\">\n\t\t\t\t<div class=\"elementor-post__title\">\n\t\t\t<a href=\"https:\/\/www.wizorlaser.com\/tr\/safety-in-laser-welding-what-operators-must-pay-attention-to\/\" >\n\t\t\t\tLazer Kayna\u011f\u0131nda G\u00fcvenlik: Operat\u00f6rlerin Dikkat Etmesi Gerekenler\t\t\t<\/a>\n\t\t<\/div>\n\t\t\t\t<\/div>\n\t\t\t\t<div class=\"elementor-post__meta-data\">\n\t\t\t\t\t<span class=\"elementor-post-date\">\n\t\t\t25\/08\/2024\t\t<\/span>\n\t\t\t\t<\/div>\n\t\t\t\t\t<\/div>\n\t\t<\/article>\n\t\t\t\t<\/div>\n\t\t\n\t\t\t\t\t\t<\/div>\n\t\t\t\t<\/div>\n\t\t\t\t\t<\/div>\n\t\t\t\t<\/div>\n\t\t\t\t<\/div>","protected":false},"excerpt":{"rendered":"","protected":false},"author":1,"featured_media":0,"parent":0,"menu_order":0,"comment_status":"closed","ping_status":"closed","template":"","meta":{"footnotes":""},"class_list":["post-481","page","type-page","status-publish","hentry"],"yoast_head":"<!-- This site is optimized with the Yoast SEO plugin v26.6 - https:\/\/yoast.com\/wordpress\/plugins\/seo\/ -->\n<title>Blogs - Wizor Laser<\/title>\n<meta name=\"robots\" content=\"index, follow, max-snippet:-1, max-image-preview:large, max-video-preview:-1\" \/>\n<link rel=\"canonical\" href=\"https:\/\/www.wizorlaser.com\/tr\/blogs\/\" \/>\n<meta property=\"og:locale\" content=\"tr_TR\" \/>\n<meta property=\"og:type\" content=\"article\" \/>\n<meta property=\"og:title\" content=\"Blogs - Wizor Laser\" \/>\n<meta property=\"og:url\" content=\"https:\/\/www.wizorlaser.com\/tr\/blogs\/\" \/>\n<meta property=\"og:site_name\" content=\"Wizor Laser\" \/>\n<meta property=\"article:modified_time\" content=\"2025-12-26T03:55:21+00:00\" \/>\n<meta name=\"twitter:card\" content=\"summary_large_image\" \/>\n<meta name=\"twitter:label1\" content=\"Tahmini okuma s\u00fcresi\" \/>\n\t<meta name=\"twitter:data1\" content=\"1 dakika\" \/>\n<script type=\"application\/ld+json\" class=\"yoast-schema-graph\">{\"@context\":\"https:\/\/schema.org\",\"@graph\":[{\"@type\":\"WebPage\",\"@id\":\"https:\/\/www.wizorlaser.com\/blogs\/\",\"url\":\"https:\/\/www.wizorlaser.com\/blogs\/\",\"name\":\"Blogs - Wizor Laser\",\"isPartOf\":{\"@id\":\"https:\/\/www.wizorlaser.com\/#website\"},\"datePublished\":\"2025-12-25T08:21:14+00:00\",\"dateModified\":\"2025-12-26T03:55:21+00:00\",\"breadcrumb\":{\"@id\":\"https:\/\/www.wizorlaser.com\/blogs\/#breadcrumb\"},\"inLanguage\":\"tr\",\"potentialAction\":[{\"@type\":\"ReadAction\",\"target\":[\"https:\/\/www.wizorlaser.com\/blogs\/\"]}]},{\"@type\":\"BreadcrumbList\",\"@id\":\"https:\/\/www.wizorlaser.com\/blogs\/#breadcrumb\",\"itemListElement\":[{\"@type\":\"ListItem\",\"position\":1,\"name\":\"Home\",\"item\":\"https:\/\/www.wizorlaser.com\/\"},{\"@type\":\"ListItem\",\"position\":2,\"name\":\"Blogs\"}]},{\"@type\":\"WebSite\",\"@id\":\"https:\/\/www.wizorlaser.com\/#website\",\"url\":\"https:\/\/www.wizorlaser.com\/\",\"name\":\"Wizor Laser\",\"description\":\"\",\"publisher\":{\"@id\":\"https:\/\/www.wizorlaser.com\/#organization\"},\"potentialAction\":[{\"@type\":\"SearchAction\",\"target\":{\"@type\":\"EntryPoint\",\"urlTemplate\":\"https:\/\/www.wizorlaser.com\/?s={search_term_string}\"},\"query-input\":{\"@type\":\"PropertyValueSpecification\",\"valueRequired\":true,\"valueName\":\"search_term_string\"}}],\"inLanguage\":\"tr\"},{\"@type\":\"Organization\",\"@id\":\"https:\/\/www.wizorlaser.com\/#organization\",\"name\":\"Wizor Laser\",\"url\":\"https:\/\/www.wizorlaser.com\/\",\"logo\":{\"@type\":\"ImageObject\",\"inLanguage\":\"tr\",\"@id\":\"https:\/\/www.wizorlaser.com\/#\/schema\/logo\/image\/\",\"url\":\"https:\/\/www.wizorlaser.com\/wp-content\/uploads\/2025\/12\/\u56fe\u72475-e1768554572765.png\",\"contentUrl\":\"https:\/\/www.wizorlaser.com\/wp-content\/uploads\/2025\/12\/\u56fe\u72475-e1768554572765.png\",\"width\":380,\"height\":124,\"caption\":\"Wizor Laser\"},\"image\":{\"@id\":\"https:\/\/www.wizorlaser.com\/#\/schema\/logo\/image\/\"}}]}<\/script>\n<!-- \/ Yoast SEO plugin. -->","yoast_head_json":{"title":"Blogs - Wizor Laser","robots":{"index":"index","follow":"follow","max-snippet":"max-snippet:-1","max-image-preview":"max-image-preview:large","max-video-preview":"max-video-preview:-1"},"canonical":"https:\/\/www.wizorlaser.com\/tr\/blogs\/","og_locale":"tr_TR","og_type":"article","og_title":"Blogs - Wizor Laser","og_url":"https:\/\/www.wizorlaser.com\/tr\/blogs\/","og_site_name":"Wizor Laser","article_modified_time":"2025-12-26T03:55:21+00:00","twitter_card":"summary_large_image","twitter_misc":{"Tahmini okuma s\u00fcresi":"1 dakika"},"schema":{"@context":"https:\/\/schema.org","@graph":[{"@type":"WebPage","@id":"https:\/\/www.wizorlaser.com\/blogs\/","url":"https:\/\/www.wizorlaser.com\/blogs\/","name":"Blogs - Wizor Laser","isPartOf":{"@id":"https:\/\/www.wizorlaser.com\/#website"},"datePublished":"2025-12-25T08:21:14+00:00","dateModified":"2025-12-26T03:55:21+00:00","breadcrumb":{"@id":"https:\/\/www.wizorlaser.com\/blogs\/#breadcrumb"},"inLanguage":"tr","potentialAction":[{"@type":"ReadAction","target":["https:\/\/www.wizorlaser.com\/blogs\/"]}]},{"@type":"BreadcrumbList","@id":"https:\/\/www.wizorlaser.com\/blogs\/#breadcrumb","itemListElement":[{"@type":"ListItem","position":1,"name":"Home","item":"https:\/\/www.wizorlaser.com\/"},{"@type":"ListItem","position":2,"name":"Blogs"}]},{"@type":"WebSite","@id":"https:\/\/www.wizorlaser.com\/#website","url":"https:\/\/www.wizorlaser.com\/","name":"Wizor Lazer","description":"","publisher":{"@id":"https:\/\/www.wizorlaser.com\/#organization"},"potentialAction":[{"@type":"SearchAction","target":{"@type":"EntryPoint","urlTemplate":"https:\/\/www.wizorlaser.com\/?s={search_term_string}"},"query-input":{"@type":"PropertyValueSpecification","valueRequired":true,"valueName":"search_term_string"}}],"inLanguage":"tr"},{"@type":"Organization","@id":"https:\/\/www.wizorlaser.com\/#organization","name":"Wizor Lazer","url":"https:\/\/www.wizorlaser.com\/","logo":{"@type":"ImageObject","inLanguage":"tr","@id":"https:\/\/www.wizorlaser.com\/#\/schema\/logo\/image\/","url":"https:\/\/www.wizorlaser.com\/wp-content\/uploads\/2025\/12\/\u56fe\u72475-e1768554572765.png","contentUrl":"https:\/\/www.wizorlaser.com\/wp-content\/uploads\/2025\/12\/\u56fe\u72475-e1768554572765.png","width":380,"height":124,"caption":"Wizor Laser"},"image":{"@id":"https:\/\/www.wizorlaser.com\/#\/schema\/logo\/image\/"}}]}},"_links":{"self":[{"href":"https:\/\/www.wizorlaser.com\/tr\/wp-json\/wp\/v2\/pages\/481","targetHints":{"allow":["GET"]}}],"collection":[{"href":"https:\/\/www.wizorlaser.com\/tr\/wp-json\/wp\/v2\/pages"}],"about":[{"href":"https:\/\/www.wizorlaser.com\/tr\/wp-json\/wp\/v2\/types\/page"}],"author":[{"embeddable":true,"href":"https:\/\/www.wizorlaser.com\/tr\/wp-json\/wp\/v2\/users\/1"}],"replies":[{"embeddable":true,"href":"https:\/\/www.wizorlaser.com\/tr\/wp-json\/wp\/v2\/comments?post=481"}],"version-history":[{"count":50,"href":"https:\/\/www.wizorlaser.com\/tr\/wp-json\/wp\/v2\/pages\/481\/revisions"}],"predecessor-version":[{"id":684,"href":"https:\/\/www.wizorlaser.com\/tr\/wp-json\/wp\/v2\/pages\/481\/revisions\/684"}],"wp:attachment":[{"href":"https:\/\/www.wizorlaser.com\/tr\/wp-json\/wp\/v2\/media?parent=481"}],"curies":[{"name":"wp","href":"https:\/\/api.w.org\/{rel}","templated":true}]}}